{"id":436,"date":"2024-10-04T13:58:33","date_gmt":"2024-10-04T17:58:33","guid":{"rendered":"https:\/\/freemansignature.com\/?page_id=436"},"modified":"2024-10-04T16:14:54","modified_gmt":"2024-10-04T20:14:54","slug":"privacy-policy","status":"publish","type":"page","link":"https:\/\/freemansignature.com\/fr\/politique-de-confidentialite\/","title":{"rendered":"Privacy policy"},"content":{"rendered":"<div data-elementor-type=\"wp-page\" data-elementor-id=\"436\" class=\"elementor elementor-436\" data-elementor-post-type=\"page\">\n\t\t\t\t\t\t<section class=\"elementor-section elementor-top-section elementor-element elementor-element-07def86 elementor-section-boxed elementor-section-height-default elementor-section-height-default\" data-id=\"07def86\" data-element_type=\"section\" data-e-type=\"section\">\n\t\t\t\t\t\t<div class=\"elementor-container elementor-column-gap-default\">\n\t\t\t\t\t<div class=\"elementor-column elementor-col-100 elementor-top-column elementor-element elementor-element-fae4292\" data-id=\"fae4292\" data-element_type=\"column\" data-e-type=\"column\">\n\t\t\t<div class=\"elementor-widget-wrap elementor-element-populated\">\n\t\t\t\t\t\t<div class=\"elementor-element elementor-element-8d139bb elementor-widget elementor-widget-text-editor\" data-id=\"8d139bb\" data-element_type=\"widget\" data-e-type=\"widget\" data-widget_type=\"text-editor.default\">\n\t\t\t\t<div class=\"elementor-widget-container\">\n\t\t\t\t\t\t\t\t\t<h1 class=\"privacy-policy-h1\">Politique de confidentialit\u00e9<\/h1><p class=\"privacy-policy-h1\"><em>Derni\u00e8re mise \u00e0 jour le 04-Oct-2024 <\/em><br \/><em>Date d'entr\u00e9e en vigueur 04-Oct-2024<\/em><\/p><p class=\"privacy-policy-p\">Cette politique de confidentialit\u00e9 d\u00e9crit les politiques de Freeman Signature,<\/p><ul><li class=\"privacy-policy-p\">825, Guimond Blvd. Suite 200, Longueuil, Qu\u00e9bec J4G 2M7, Canada,<\/li><li class=\"privacy-policy-p\"><a href=\"mailto:support@freemancan.com,\">support@freemancan.com, <\/a><\/li><li class=\"privacy-policy-p\">+1 (888) 641-2040<\/li><\/ul><p class=\"privacy-policy-p\">on the collection, use and disclosure of your information that we collect when you use our website ( freemansignature.com ). (the \u201cService\u201d). By accessing or using the Service, you are consenting to the collection, use and disclosure of your information in accordance with this Privacy Policy. If you do not consent to the same, please do not access or use the Service.<\/p><p class=\"privacy-policy-p\">Nous pouvons modifier la pr\u00e9sente politique de confidentialit\u00e9 \u00e0 tout moment sans vous en informer au pr\u00e9alable et nous publierons la politique de confidentialit\u00e9 r\u00e9vis\u00e9e sur le service. La politique r\u00e9vis\u00e9e entrera en vigueur 180 jours apr\u00e8s sa publication sur le service et votre acc\u00e8s ou utilisation continue du service apr\u00e8s cette date constituera votre acceptation de la politique de confidentialit\u00e9 r\u00e9vis\u00e9e. Nous vous recommandons donc de consulter r\u00e9guli\u00e8rement cette page.<\/p><h2 class=\"privacy-policy-p\">Vos droits:<\/h2><p class=\"privacy-policy-p\">En fonction de la l\u00e9gislation applicable, vous pouvez avoir un droit d'acc\u00e8s et de rectification ou d'effacement de vos donn\u00e9es \u00e0 caract\u00e8re personnel ou recevoir une copie de vos donn\u00e9es \u00e0 caract\u00e8re personnel, restreindre le traitement actif de vos donn\u00e9es ou vous y opposer, nous demander de partager (portage) vos donn\u00e9es \u00e0 caract\u00e8re personnel avec une autre entit\u00e9, retirer tout consentement que vous nous avez donn\u00e9 pour traiter vos donn\u00e9es, un droit de d\u00e9poser une plainte aupr\u00e8s d'une autorit\u00e9 statutaire et tout autre droit pertinent en vertu de la l\u00e9gislation applicable. Pour exercer ces droits, vous pouvez nous \u00e9crire \u00e0 support@freemancan.com. Nous r\u00e9pondrons \u00e0 votre demande conform\u00e9ment \u00e0 la l\u00e9gislation applicable.<\/p><p class=\"privacy-policy-p\">Veuillez noter que si vous ne nous autorisez pas \u00e0 collecter ou \u00e0 traiter les informations personnelles requises ou si vous retirez votre consentement au traitement de ces informations aux fins requises, il se peut que vous ne puissiez pas acc\u00e9der aux services pour lesquels vos informations ont \u00e9t\u00e9 demand\u00e9es, ni les utiliser.<\/p><h2 class=\"privacy-policy-p\">Cookies Etc.<\/h2><p class=\"privacy-policy-p\">Pour en savoir plus sur la mani\u00e8re dont nous utilisons ces technologies et sur les choix qui s'offrent \u00e0 vous en ce qui concerne ces technologies de suivi, veuillez consulter notre <a href=\"\/fr\/freemansignature.com\/cookie-policy\/\">Politique de Cookies.<\/a><\/p><h2>S\u00e9curit\u00e9:<\/h2><p class=\"privacy-policy-p\">La s\u00e9curit\u00e9 de vos informations est importante pour nous et nous utiliserons des mesures de s\u00e9curit\u00e9 raisonnables pour emp\u00eacher la perte, l'utilisation abusive ou la modification non autoris\u00e9e de vos informations sous notre contr\u00f4le. Toutefois, compte tenu des risques inh\u00e9rents, nous ne pouvons pas garantir une s\u00e9curit\u00e9 absolue et, par cons\u00e9quent, nous ne pouvons pas assurer ou garantir la s\u00e9curit\u00e9 des informations que vous nous transmettez et vous le faites \u00e0 vos propres risques.<\/p><h2 class=\"privacy-policy-p\">D\u00e9l\u00e9gu\u00e9 aux plaintes et \u00e0 la protection des donn\u00e9es :<\/h2><p class=\"privacy-policy-p\">Si vous avez des questions ou des pr\u00e9occupations concernant le traitement de vos renseignements personnels, vous pouvez envoyer un courriel \u00e0 notre agent de griefs \u00e0 Freeman Signature:<\/p><ul><li class=\"privacy-policy-p\">825, Guimond Blvd. Suite 200, Longueuil Qu\u00e9bec, Canada;<\/li><li class=\"privacy-policy-p\"><a href=\"mailto:support@freemancan.com\">support@freemancan.com,<\/a><\/li><\/ul><p class=\"privacy-policy-p\">Nous r\u00e9pondrons \u00e0 vos pr\u00e9occupations conform\u00e9ment \u00e0 la loi applicable.<\/p>\t\t\t\t\t\t\t\t<\/div>\n\t\t\t\t<\/div>\n\t\t\t\t\t<\/div>\n\t\t<\/div>\n\t\t\t\t\t<\/div>\n\t\t<\/section>\n\t\t\t\t<\/div>","protected":false},"excerpt":{"rendered":"<p>Privacy Policy Last Updated On 04-Oct-2024 Effective Date 04-Oct-2024 This Privacy Policy describes the policies of Freeman Signature, 825, Guimond Blvd. Suite 200, Longueuil, Quebec J4G 2M7, Canada, support@freemancan.com, +1 (888) 641-2040 on the collection, use and disclosure of your information that we collect when you use our website ( freemansignature.com ). (the \u201cService\u201d). By [&hellip;]<\/p>\n","protected":false},"author":1,"featured_media":0,"parent":0,"menu_order":0,"comment_status":"closed","ping_status":"closed","template":"","meta":{"footnotes":""},"class_list":["post-436","page","type-page","status-publish","hentry"],"yoast_head":"<!-- This site is optimized with the Yoast SEO plugin v27.3 - https:\/\/yoast.com\/product\/yoast-seo-wordpress\/ -->\n<title>Privacy policy - Freeman Signature<\/title>\n<meta name=\"robots\" content=\"noindex, nofollow\" \/>\n<meta property=\"og:locale\" content=\"fr_CA\" \/>\n<meta property=\"og:type\" content=\"article\" \/>\n<meta property=\"og:title\" content=\"Privacy policy - Freeman Signature\" \/>\n<meta property=\"og:description\" content=\"Privacy Policy Last Updated On 04-Oct-2024 Effective Date 04-Oct-2024 This Privacy Policy describes the policies of Freeman Signature, 825, Guimond Blvd. Suite 200, Longueuil, Quebec J4G 2M7, Canada, support@freemancan.com, +1 (888) 641-2040 on the collection, use and disclosure of your information that we collect when you use our website ( freemansignature.com ). (the \u201cService\u201d). By [&hellip;]\" \/>\n<meta property=\"og:url\" content=\"https:\/\/freemansignature.com\/fr\/privacy-policy\/\" \/>\n<meta property=\"og:site_name\" content=\"Freeman Signature\" \/>\n<meta property=\"article:modified_time\" content=\"2024-10-04T20:14:54+00:00\" \/>\n<meta property=\"og:image\" content=\"https:\/\/freemansignature.com\/wp-content\/uploads\/2020\/12\/coast-to-coast-foodservice-broker2.png\" \/>\n\t<meta property=\"og:image:width\" content=\"1920\" \/>\n\t<meta property=\"og:image:height\" content=\"550\" \/>\n\t<meta property=\"og:image:type\" content=\"image\/png\" \/>\n<meta name=\"twitter:card\" content=\"summary_large_image\" \/>\n<meta name=\"twitter:label1\" content=\"Estimation du temps de lecture\" \/>\n\t<meta name=\"twitter:data1\" content=\"2 minutes\" \/>\n<script type=\"application\/ld+json\" class=\"yoast-schema-graph\">{\"@context\":\"https:\\\/\\\/schema.org\",\"@graph\":[{\"@type\":\"WebPage\",\"@id\":\"https:\\\/\\\/freemansignature.com\\\/privacy-policy\\\/\",\"url\":\"https:\\\/\\\/freemansignature.com\\\/privacy-policy\\\/\",\"name\":\"Privacy policy - Freeman Signature\",\"isPartOf\":{\"@id\":\"https:\\\/\\\/freemansignature.com\\\/#website\"},\"datePublished\":\"2024-10-04T17:58:33+00:00\",\"dateModified\":\"2024-10-04T20:14:54+00:00\",\"breadcrumb\":{\"@id\":\"https:\\\/\\\/freemansignature.com\\\/privacy-policy\\\/#breadcrumb\"},\"inLanguage\":\"fr-CA\",\"potentialAction\":[{\"@type\":\"ReadAction\",\"target\":[\"https:\\\/\\\/freemansignature.com\\\/privacy-policy\\\/\"]}]},{\"@type\":\"BreadcrumbList\",\"@id\":\"https:\\\/\\\/freemansignature.com\\\/privacy-policy\\\/#breadcrumb\",\"itemListElement\":[{\"@type\":\"ListItem\",\"position\":1,\"name\":\"Home\",\"item\":\"https:\\\/\\\/freemansignature.com\\\/\"},{\"@type\":\"ListItem\",\"position\":2,\"name\":\"Privacy policy\"}]},{\"@type\":\"WebSite\",\"@id\":\"https:\\\/\\\/freemansignature.com\\\/#website\",\"url\":\"https:\\\/\\\/freemansignature.com\\\/\",\"name\":\"Freeman Signature\",\"description\":\"Canada's only national foodservice agency\",\"publisher\":{\"@id\":\"https:\\\/\\\/freemansignature.com\\\/#organization\"},\"potentialAction\":[{\"@type\":\"SearchAction\",\"target\":{\"@type\":\"EntryPoint\",\"urlTemplate\":\"https:\\\/\\\/freemansignature.com\\\/?s={search_term_string}\"},\"query-input\":{\"@type\":\"PropertyValueSpecification\",\"valueRequired\":true,\"valueName\":\"search_term_string\"}}],\"inLanguage\":\"fr-CA\"},{\"@type\":\"Organization\",\"@id\":\"https:\\\/\\\/freemansignature.com\\\/#organization\",\"name\":\"Freeman Signature\",\"url\":\"https:\\\/\\\/freemansignature.com\\\/\",\"logo\":{\"@type\":\"ImageObject\",\"inLanguage\":\"fr-CA\",\"@id\":\"https:\\\/\\\/freemansignature.com\\\/#\\\/schema\\\/logo\\\/image\\\/\",\"url\":\"https:\\\/\\\/freemansignature.com\\\/wp-content\\\/uploads\\\/2020\\\/12\\\/logo_freeman_can.png\",\"contentUrl\":\"https:\\\/\\\/freemansignature.com\\\/wp-content\\\/uploads\\\/2020\\\/12\\\/logo_freeman_can.png\",\"width\":244,\"height\":120,\"caption\":\"Freeman Signature\"},\"image\":{\"@id\":\"https:\\\/\\\/freemansignature.com\\\/#\\\/schema\\\/logo\\\/image\\\/\"}}]}<\/script>\n<!-- \/ Yoast SEO plugin. -->","yoast_head_json":{"title":"Privacy policy - Freeman Signature","robots":{"index":"noindex","follow":"nofollow"},"og_locale":"fr_CA","og_type":"article","og_title":"Privacy policy - Freeman Signature","og_description":"Privacy Policy Last Updated On 04-Oct-2024 Effective Date 04-Oct-2024 This Privacy Policy describes the policies of Freeman Signature, 825, Guimond Blvd. Suite 200, Longueuil, Quebec J4G 2M7, Canada, support@freemancan.com, +1 (888) 641-2040 on the collection, use and disclosure of your information that we collect when you use our website ( freemansignature.com ). (the \u201cService\u201d). By [&hellip;]","og_url":"https:\/\/freemansignature.com\/fr\/privacy-policy\/","og_site_name":"Freeman Signature","article_modified_time":"2024-10-04T20:14:54+00:00","og_image":[{"width":1920,"height":550,"url":"https:\/\/freemansignature.com\/wp-content\/uploads\/2020\/12\/coast-to-coast-foodservice-broker2.png","type":"image\/png"}],"twitter_card":"summary_large_image","twitter_misc":{"Estimation du temps de lecture":"2 minutes"},"schema":{"@context":"https:\/\/schema.org","@graph":[{"@type":"WebPage","@id":"https:\/\/freemansignature.com\/privacy-policy\/","url":"https:\/\/freemansignature.com\/privacy-policy\/","name":"Privacy policy - Freeman Signature","isPartOf":{"@id":"https:\/\/freemansignature.com\/#website"},"datePublished":"2024-10-04T17:58:33+00:00","dateModified":"2024-10-04T20:14:54+00:00","breadcrumb":{"@id":"https:\/\/freemansignature.com\/privacy-policy\/#breadcrumb"},"inLanguage":"fr-CA","potentialAction":[{"@type":"ReadAction","target":["https:\/\/freemansignature.com\/privacy-policy\/"]}]},{"@type":"BreadcrumbList","@id":"https:\/\/freemansignature.com\/privacy-policy\/#breadcrumb","itemListElement":[{"@type":"ListItem","position":1,"name":"Home","item":"https:\/\/freemansignature.com\/"},{"@type":"ListItem","position":2,"name":"Privacy policy"}]},{"@type":"WebSite","@id":"https:\/\/freemansignature.com\/#website","url":"https:\/\/freemansignature.com\/","name":"Freeman Signature","description":"Canada's only national foodservice agency","publisher":{"@id":"https:\/\/freemansignature.com\/#organization"},"potentialAction":[{"@type":"SearchAction","target":{"@type":"EntryPoint","urlTemplate":"https:\/\/freemansignature.com\/?s={search_term_string}"},"query-input":{"@type":"PropertyValueSpecification","valueRequired":true,"valueName":"search_term_string"}}],"inLanguage":"fr-CA"},{"@type":"Organization","@id":"https:\/\/freemansignature.com\/#organization","name":"Freeman Signature","url":"https:\/\/freemansignature.com\/","logo":{"@type":"ImageObject","inLanguage":"fr-CA","@id":"https:\/\/freemansignature.com\/#\/schema\/logo\/image\/","url":"https:\/\/freemansignature.com\/wp-content\/uploads\/2020\/12\/logo_freeman_can.png","contentUrl":"https:\/\/freemansignature.com\/wp-content\/uploads\/2020\/12\/logo_freeman_can.png","width":244,"height":120,"caption":"Freeman Signature"},"image":{"@id":"https:\/\/freemansignature.com\/#\/schema\/logo\/image\/"}}]}},"_links":{"self":[{"href":"https:\/\/freemansignature.com\/fr\/wp-json\/wp\/v2\/pages\/436","targetHints":{"allow":["GET"]}}],"collection":[{"href":"https:\/\/freemansignature.com\/fr\/wp-json\/wp\/v2\/pages"}],"about":[{"href":"https:\/\/freemansignature.com\/fr\/wp-json\/wp\/v2\/types\/page"}],"author":[{"embeddable":true,"href":"https:\/\/freemansignature.com\/fr\/wp-json\/wp\/v2\/users\/1"}],"replies":[{"embeddable":true,"href":"https:\/\/freemansignature.com\/fr\/wp-json\/wp\/v2\/comments?post=436"}],"version-history":[{"count":5,"href":"https:\/\/freemansignature.com\/fr\/wp-json\/wp\/v2\/pages\/436\/revisions"}],"predecessor-version":[{"id":497,"href":"https:\/\/freemansignature.com\/fr\/wp-json\/wp\/v2\/pages\/436\/revisions\/497"}],"wp:attachment":[{"href":"https:\/\/freemansignature.com\/fr\/wp-json\/wp\/v2\/media?parent=436"}],"curies":[{"name":"wp","href":"https:\/\/api.w.org\/{rel}","templated":true}]}}