{"id":254,"date":"2021-11-01T08:56:47","date_gmt":"2021-11-01T12:56:47","guid":{"rendered":"https:\/\/freemansignature.com\/?page_id=254"},"modified":"2022-05-01T22:29:02","modified_gmt":"2022-05-02T02:29:02","slug":"history","status":"publish","type":"page","link":"https:\/\/freemansignature.com\/fr\/histoire\/","title":{"rendered":"Notre Histoire"},"content":{"rendered":"<div data-elementor-type=\"wp-page\" data-elementor-id=\"254\" class=\"elementor elementor-254\" data-elementor-post-type=\"page\">\n\t\t\t\t\t\t<section class=\"elementor-section elementor-top-section elementor-element elementor-element-786d6cfc elementor-section-content-middle elementor-section-boxed elementor-section-height-default elementor-section-height-default\" data-id=\"786d6cfc\" data-element_type=\"section\" data-e-type=\"section\" data-settings=\"{&quot;background_background&quot;:&quot;classic&quot;}\">\n\t\t\t\t\t\t<div class=\"elementor-container elementor-column-gap-no\">\n\t\t\t\t\t<div class=\"elementor-column elementor-col-100 elementor-top-column elementor-element elementor-element-372c4735\" data-id=\"372c4735\" data-element_type=\"column\" data-e-type=\"column\">\n\t\t\t<div class=\"elementor-widget-wrap elementor-element-populated\">\n\t\t\t\t\t\t<div class=\"elementor-element elementor-element-3b69d7a elementor-widget elementor-widget-heading\" data-id=\"3b69d7a\" data-element_type=\"widget\" data-e-type=\"widget\" data-widget_type=\"heading.default\">\n\t\t\t\t<div class=\"elementor-widget-container\">\n\t\t\t\t\t<h2 class=\"elementor-heading-title elementor-size-default\">Notre Histoire<\/h2>\t\t\t\t<\/div>\n\t\t\t\t<\/div>\n\t\t\t\t<div class=\"elementor-element elementor-element-7a9f59a elementor-widget-divider--view-line elementor-widget elementor-widget-divider\" data-id=\"7a9f59a\" data-element_type=\"widget\" data-e-type=\"widget\" data-widget_type=\"divider.default\">\n\t\t\t\t<div class=\"elementor-widget-container\">\n\t\t\t\t\t\t\t<div class=\"elementor-divider\">\n\t\t\t<span class=\"elementor-divider-separator\">\n\t\t\t\t\t\t<\/span>\n\t\t<\/div>\n\t\t\t\t\t\t<\/div>\n\t\t\t\t<\/div>\n\t\t\t\t<div class=\"elementor-element elementor-element-f8f9216 dots-list elementor-widget elementor-widget-text-editor\" data-id=\"f8f9216\" data-element_type=\"widget\" data-e-type=\"widget\" data-widget_type=\"text-editor.default\">\n\t\t\t\t<div class=\"elementor-widget-container\">\n\t\t\t\t\t\t\t\t\t<div class=\"et_pb_text_inner\">\n<ol>\n \t<li><span class=\"date\">2020 Ventes Virtuelles<\/span>\nAm\u00e9nagement d\u2019un nouveau studio permettant d\u2019am\u00e9liorer la production de capsules vid\u00e9o et de conf\u00e9rences virtuelles.<\/li>\n \t<li><span class=\"date\">2014 P\u00e9rennit\u00e9<\/span>\nFreeman Signature accueille une deuxi\u00e8me g\u00e9n\u00e9ration d\u2019actionnaires avec l\u2019arriv\u00e9e d\u2019Ana\u00efs Labrecque.<\/li>\n \t<li><span class=\"date\">2012 Acquisition<\/span>\nAu mois de D\u00e9cembre 2012, Freeman Signature annonce son expansion continue en fusionnant avec Alimentation Impact au Qu\u00e9bec.<\/li>\n \t<li><span class=\"date\">2010 Plateforme nationale<\/span>\nEn mars 2010, la compagnie a achet\u00e9 les actifs du service alimentaire d\u2019Acosta Canada. Ce faisant, la compagnie devient la solution de vente nationale unique au Canada avec des bureaux et du personnel dans tous les march\u00e9s d\u2019un oc\u00e9an \u00e0 l\u2019autre, la compagnie a annonc\u00e9 sa nouvelle image et identit\u00e9 corporative : Freeman Signature.<\/li>\n \t<li><span class=\"date\">2001 Focus Service Alimentaire<\/span>\nEn 2001, M. Serge Labrecque a fait l\u2019acquisition de la compagnie devenant propri\u00e9taire exclusif. La d\u00e9cision a alors \u00e9t\u00e9 prise de se d\u00e9partir des divisions de vente au d\u00e9tail et de m\u00e9dicaments pour ainsi se concentrer sp\u00e9cifiquement sur le service alimentaire \u2026 La principale force de l\u2019entreprise.<\/li>\n \t<li><span class=\"date\">1928 L\u2019origine<\/span>\nFond\u00e9e par M. James Lloyd Freeman il y a 90 ans, la compagnie a vu l\u2019opportunit\u00e9 d\u2019offrir aux consommateurs des produits de marque qui n\u2019\u00e9taient pas disponibles \u00e0 ce moment. Des marques telles que les tampons \u00e0 r\u00e9curer SOS, les c\u00e9r\u00e9ales Kellogg\u2019s et le lait Carnation ont \u00e9t\u00e9 reconnues et mises \u00e0 la disposition du grand public.<\/li>\n<\/ol>\n<\/div>\t\t\t\t\t\t\t\t<\/div>\n\t\t\t\t<\/div>\n\t\t\t\t\t<\/div>\n\t\t<\/div>\n\t\t\t\t\t<\/div>\n\t\t<\/section>\n\t\t\t\t<\/div>","protected":false},"excerpt":{"rendered":"<p>Our History 2020 Virtual selling Launching of a new studio to improve the production of video clips and virtual conferences. 2014 Continuity Freeman Signature welcomes a second generation of shareholders with the arrival of Ana\u00efs Labrecque. 2012 Acquisition In December of 2012, Freeman Signature announced its continued expansion as it is merging with Alimentation Impact [&hellip;]<\/p>\n","protected":false},"author":1,"featured_media":40,"parent":0,"menu_order":0,"comment_status":"closed","ping_status":"closed","template":"elementor_header_footer","meta":{"footnotes":""},"class_list":["post-254","page","type-page","status-publish","has-post-thumbnail","hentry"],"yoast_head":"<!-- This site is optimized with the Yoast SEO plugin v27.3 - https:\/\/yoast.com\/product\/yoast-seo-wordpress\/ -->\n<title>Our History in foodservice | Freeman Signature<\/title>\n<meta name=\"description\" content=\"History of Canada\u2019s first and only true national foodservice focused sales and marketing agency. Discover our company history.\" \/>\n<meta name=\"robots\" content=\"index, follow, max-snippet:-1, max-image-preview:large, max-video-preview:-1\" \/>\n<link rel=\"canonical\" href=\"https:\/\/freemansignature.com\/fr\/history\/\" \/>\n<meta property=\"og:locale\" content=\"fr_CA\" \/>\n<meta property=\"og:type\" content=\"article\" \/>\n<meta property=\"og:title\" content=\"Our History in foodservice | Freeman Signature\" \/>\n<meta property=\"og:description\" content=\"History of Canada\u2019s first and only true national foodservice focused sales and marketing agency. Discover our company history.\" \/>\n<meta property=\"og:url\" content=\"https:\/\/freemansignature.com\/fr\/history\/\" \/>\n<meta property=\"og:site_name\" content=\"Freeman Signature\" \/>\n<meta property=\"article:modified_time\" content=\"2022-05-02T02:29:02+00:00\" \/>\n<meta property=\"og:image\" content=\"https:\/\/freemansignature.com\/wp-content\/uploads\/2020\/12\/fs-history-bg3.jpg\" \/>\n\t<meta property=\"og:image:width\" content=\"1359\" \/>\n\t<meta property=\"og:image:height\" content=\"900\" \/>\n\t<meta property=\"og:image:type\" content=\"image\/jpeg\" \/>\n<meta name=\"twitter:card\" content=\"summary_large_image\" \/>\n<meta name=\"twitter:label1\" content=\"Estimation du temps de lecture\" \/>\n\t<meta name=\"twitter:data1\" content=\"1 minute\" \/>\n<script type=\"application\/ld+json\" class=\"yoast-schema-graph\">{\"@context\":\"https:\\\/\\\/schema.org\",\"@graph\":[{\"@type\":\"WebPage\",\"@id\":\"https:\\\/\\\/freemansignature.com\\\/history\\\/\",\"url\":\"https:\\\/\\\/freemansignature.com\\\/history\\\/\",\"name\":\"Our History in foodservice | Freeman Signature\",\"isPartOf\":{\"@id\":\"https:\\\/\\\/freemansignature.com\\\/#website\"},\"primaryImageOfPage\":{\"@id\":\"https:\\\/\\\/freemansignature.com\\\/history\\\/#primaryimage\"},\"image\":{\"@id\":\"https:\\\/\\\/freemansignature.com\\\/history\\\/#primaryimage\"},\"thumbnailUrl\":\"https:\\\/\\\/freemansignature.com\\\/wp-content\\\/uploads\\\/2020\\\/12\\\/fs-history-bg3.jpg\",\"datePublished\":\"2021-11-01T12:56:47+00:00\",\"dateModified\":\"2022-05-02T02:29:02+00:00\",\"description\":\"History of Canada\u2019s first and only true national foodservice focused sales and marketing agency. Discover our company history.\",\"breadcrumb\":{\"@id\":\"https:\\\/\\\/freemansignature.com\\\/history\\\/#breadcrumb\"},\"inLanguage\":\"fr-CA\",\"potentialAction\":[{\"@type\":\"ReadAction\",\"target\":[\"https:\\\/\\\/freemansignature.com\\\/history\\\/\"]}]},{\"@type\":\"ImageObject\",\"inLanguage\":\"fr-CA\",\"@id\":\"https:\\\/\\\/freemansignature.com\\\/history\\\/#primaryimage\",\"url\":\"https:\\\/\\\/freemansignature.com\\\/wp-content\\\/uploads\\\/2020\\\/12\\\/fs-history-bg3.jpg\",\"contentUrl\":\"https:\\\/\\\/freemansignature.com\\\/wp-content\\\/uploads\\\/2020\\\/12\\\/fs-history-bg3.jpg\",\"width\":1359,\"height\":900},{\"@type\":\"BreadcrumbList\",\"@id\":\"https:\\\/\\\/freemansignature.com\\\/history\\\/#breadcrumb\",\"itemListElement\":[{\"@type\":\"ListItem\",\"position\":1,\"name\":\"Home\",\"item\":\"https:\\\/\\\/freemansignature.com\\\/\"},{\"@type\":\"ListItem\",\"position\":2,\"name\":\"History\"}]},{\"@type\":\"WebSite\",\"@id\":\"https:\\\/\\\/freemansignature.com\\\/#website\",\"url\":\"https:\\\/\\\/freemansignature.com\\\/\",\"name\":\"Freeman Signature\",\"description\":\"Canada's only national foodservice agency\",\"publisher\":{\"@id\":\"https:\\\/\\\/freemansignature.com\\\/#organization\"},\"potentialAction\":[{\"@type\":\"SearchAction\",\"target\":{\"@type\":\"EntryPoint\",\"urlTemplate\":\"https:\\\/\\\/freemansignature.com\\\/?s={search_term_string}\"},\"query-input\":{\"@type\":\"PropertyValueSpecification\",\"valueRequired\":true,\"valueName\":\"search_term_string\"}}],\"inLanguage\":\"fr-CA\"},{\"@type\":\"Organization\",\"@id\":\"https:\\\/\\\/freemansignature.com\\\/#organization\",\"name\":\"Freeman Signature\",\"url\":\"https:\\\/\\\/freemansignature.com\\\/\",\"logo\":{\"@type\":\"ImageObject\",\"inLanguage\":\"fr-CA\",\"@id\":\"https:\\\/\\\/freemansignature.com\\\/#\\\/schema\\\/logo\\\/image\\\/\",\"url\":\"https:\\\/\\\/freemansignature.com\\\/wp-content\\\/uploads\\\/2020\\\/12\\\/logo_freeman_can.png\",\"contentUrl\":\"https:\\\/\\\/freemansignature.com\\\/wp-content\\\/uploads\\\/2020\\\/12\\\/logo_freeman_can.png\",\"width\":244,\"height\":120,\"caption\":\"Freeman Signature\"},\"image\":{\"@id\":\"https:\\\/\\\/freemansignature.com\\\/#\\\/schema\\\/logo\\\/image\\\/\"}}]}<\/script>\n<!-- \/ Yoast SEO plugin. -->","yoast_head_json":{"title":"Notre histoire dans le service alimentaire | Freeman Signature","description":"D\u00e9couvrez l'histoire de Freeman Signature,  l\u2019unique compagnie nationale de service alimentaire ax\u00e9e sur les ventes et le marketing, au Canada.","robots":{"index":"index","follow":"follow","max-snippet":"max-snippet:-1","max-image-preview":"max-image-preview:large","max-video-preview":"max-video-preview:-1"},"canonical":"https:\/\/freemansignature.com\/fr\/history\/","og_locale":"fr_CA","og_type":"article","og_title":"Our History in foodservice | Freeman Signature","og_description":"History of Canada\u2019s first and only true national foodservice focused sales and marketing agency. Discover our company history.","og_url":"https:\/\/freemansignature.com\/fr\/history\/","og_site_name":"Freeman Signature","article_modified_time":"2022-05-02T02:29:02+00:00","og_image":[{"width":1359,"height":900,"url":"https:\/\/freemansignature.com\/wp-content\/uploads\/2020\/12\/fs-history-bg3.jpg","type":"image\/jpeg"}],"twitter_card":"summary_large_image","twitter_misc":{"Estimation du temps de lecture":"1 minute"},"schema":{"@context":"https:\/\/schema.org","@graph":[{"@type":"WebPage","@id":"https:\/\/freemansignature.com\/history\/","url":"https:\/\/freemansignature.com\/history\/","name":"Notre histoire dans le service alimentaire | Freeman Signature","isPartOf":{"@id":"https:\/\/freemansignature.com\/#website"},"primaryImageOfPage":{"@id":"https:\/\/freemansignature.com\/history\/#primaryimage"},"image":{"@id":"https:\/\/freemansignature.com\/history\/#primaryimage"},"thumbnailUrl":"https:\/\/freemansignature.com\/wp-content\/uploads\/2020\/12\/fs-history-bg3.jpg","datePublished":"2021-11-01T12:56:47+00:00","dateModified":"2022-05-02T02:29:02+00:00","description":"D\u00e9couvrez l'histoire de Freeman Signature,  l\u2019unique compagnie nationale de service alimentaire ax\u00e9e sur les ventes et le marketing, au Canada.","breadcrumb":{"@id":"https:\/\/freemansignature.com\/history\/#breadcrumb"},"inLanguage":"fr-CA","potentialAction":[{"@type":"ReadAction","target":["https:\/\/freemansignature.com\/history\/"]}]},{"@type":"ImageObject","inLanguage":"fr-CA","@id":"https:\/\/freemansignature.com\/history\/#primaryimage","url":"https:\/\/freemansignature.com\/wp-content\/uploads\/2020\/12\/fs-history-bg3.jpg","contentUrl":"https:\/\/freemansignature.com\/wp-content\/uploads\/2020\/12\/fs-history-bg3.jpg","width":1359,"height":900},{"@type":"BreadcrumbList","@id":"https:\/\/freemansignature.com\/history\/#breadcrumb","itemListElement":[{"@type":"ListItem","position":1,"name":"Home","item":"https:\/\/freemansignature.com\/"},{"@type":"ListItem","position":2,"name":"History"}]},{"@type":"WebSite","@id":"https:\/\/freemansignature.com\/#website","url":"https:\/\/freemansignature.com\/","name":"Freeman Signature","description":"Canada's only national foodservice agency","publisher":{"@id":"https:\/\/freemansignature.com\/#organization"},"potentialAction":[{"@type":"SearchAction","target":{"@type":"EntryPoint","urlTemplate":"https:\/\/freemansignature.com\/?s={search_term_string}"},"query-input":{"@type":"PropertyValueSpecification","valueRequired":true,"valueName":"search_term_string"}}],"inLanguage":"fr-CA"},{"@type":"Organization","@id":"https:\/\/freemansignature.com\/#organization","name":"Freeman Signature","url":"https:\/\/freemansignature.com\/","logo":{"@type":"ImageObject","inLanguage":"fr-CA","@id":"https:\/\/freemansignature.com\/#\/schema\/logo\/image\/","url":"https:\/\/freemansignature.com\/wp-content\/uploads\/2020\/12\/logo_freeman_can.png","contentUrl":"https:\/\/freemansignature.com\/wp-content\/uploads\/2020\/12\/logo_freeman_can.png","width":244,"height":120,"caption":"Freeman Signature"},"image":{"@id":"https:\/\/freemansignature.com\/#\/schema\/logo\/image\/"}}]}},"_links":{"self":[{"href":"https:\/\/freemansignature.com\/fr\/wp-json\/wp\/v2\/pages\/254","targetHints":{"allow":["GET"]}}],"collection":[{"href":"https:\/\/freemansignature.com\/fr\/wp-json\/wp\/v2\/pages"}],"about":[{"href":"https:\/\/freemansignature.com\/fr\/wp-json\/wp\/v2\/types\/page"}],"author":[{"embeddable":true,"href":"https:\/\/freemansignature.com\/fr\/wp-json\/wp\/v2\/users\/1"}],"replies":[{"embeddable":true,"href":"https:\/\/freemansignature.com\/fr\/wp-json\/wp\/v2\/comments?post=254"}],"version-history":[{"count":5,"href":"https:\/\/freemansignature.com\/fr\/wp-json\/wp\/v2\/pages\/254\/revisions"}],"predecessor-version":[{"id":317,"href":"https:\/\/freemansignature.com\/fr\/wp-json\/wp\/v2\/pages\/254\/revisions\/317"}],"wp:featuredmedia":[{"embeddable":true,"href":"https:\/\/freemansignature.com\/fr\/wp-json\/wp\/v2\/media\/40"}],"wp:attachment":[{"href":"https:\/\/freemansignature.com\/fr\/wp-json\/wp\/v2\/media?parent=254"}],"curies":[{"name":"wp","href":"https:\/\/api.w.org\/{rel}","templated":true}]}}